{"id":531,"date":"2021-10-27T10:54:14","date_gmt":"2021-10-27T15:54:14","guid":{"rendered":"https:\/\/galaexp.com\/es\/?page_id=531"},"modified":"2021-10-28T14:12:16","modified_gmt":"2021-10-28T19:12:16","slug":"contact-us","status":"publish","type":"page","link":"https:\/\/galaexp.com\/es\/contact-us\/","title":{"rendered":"Contactanos"},"content":{"rendered":"\t\t<div data-elementor-type=\"wp-page\" data-elementor-id=\"531\" class=\"elementor elementor-531\">\n\t\t\t\t\t\t\t\t\t<section class=\"elementor-section elementor-top-section elementor-element elementor-element-9d399a8 elementor-section-full_width elementor-section-height-default elementor-section-height-default\" data-id=\"9d399a8\" data-element_type=\"section\" data-settings=\"{&quot;background_background&quot;:&quot;gradient&quot;}\">\n\t\t\t\t\t\t<div class=\"elementor-container elementor-column-gap-default\">\n\t\t\t\t\t<div class=\"elementor-column elementor-col-100 elementor-top-column elementor-element elementor-element-2827e43\" data-id=\"2827e43\" data-element_type=\"column\">\n\t\t\t<div class=\"elementor-widget-wrap elementor-element-populated\">\n\t\t\t\t\t\t\t\t<section class=\"elementor-section elementor-inner-section elementor-element elementor-element-d61a3e7 elementor-section-content-middle elementor-section-height-min-height elementor-section-boxed elementor-section-height-default\" data-id=\"d61a3e7\" data-element_type=\"section\">\n\t\t\t\t\t\t<div class=\"elementor-container elementor-column-gap-custom\">\n\t\t\t\t\t<div class=\"elementor-column elementor-col-50 elementor-inner-column elementor-element elementor-element-ca7a24c\" data-id=\"ca7a24c\" data-element_type=\"column\">\n\t\t\t<div class=\"elementor-widget-wrap elementor-element-populated\">\n\t\t\t\t\t\t\t\t<div class=\"elementor-element elementor-element-2d263db elementor-widget elementor-widget-heading\" data-id=\"2d263db\" data-element_type=\"widget\" data-widget_type=\"heading.default\">\n\t\t\t\t<div class=\"elementor-widget-container\">\n\t\t\t<style>\/*! elementor - v3.18.0 - 20-12-2023 *\/\n.elementor-heading-title{padding:0;margin:0;line-height:1}.elementor-widget-heading .elementor-heading-title[class*=elementor-size-]>a{color:inherit;font-size:inherit;line-height:inherit}.elementor-widget-heading .elementor-heading-title.elementor-size-small{font-size:15px}.elementor-widget-heading .elementor-heading-title.elementor-size-medium{font-size:19px}.elementor-widget-heading .elementor-heading-title.elementor-size-large{font-size:29px}.elementor-widget-heading .elementor-heading-title.elementor-size-xl{font-size:39px}.elementor-widget-heading .elementor-heading-title.elementor-size-xxl{font-size:59px}<\/style><h2 class=\"elementor-heading-title elementor-size-default\">\u00a1Comienza Ahora!<\/h2>\t\t<\/div>\n\t\t\t\t<\/div>\n\t\t\t\t<div class=\"elementor-element elementor-element-dfbc187 elementor-widget-mobile__width-initial elementor-widget elementor-widget-heading\" data-id=\"dfbc187\" data-element_type=\"widget\" data-widget_type=\"heading.default\">\n\t\t\t\t<div class=\"elementor-widget-container\">\n\t\t\t<h2 class=\"elementor-heading-title elementor-size-default\">Haga clic en el bot\u00f3n de abajo para solicitar una cotizaci\u00f3n o utilice el siguiente formulario para enviarnos un mensaje.<\/h2>\t\t<\/div>\n\t\t\t\t<\/div>\n\t\t\t\t<div class=\"elementor-element elementor-element-906848e boton-amarillo elementor-widget elementor-widget-button\" data-id=\"906848e\" data-element_type=\"widget\" id=\"rfq\" data-widget_type=\"button.default\">\n\t\t\t\t<div class=\"elementor-widget-container\">\n\t\t\t\t\t<div class=\"elementor-button-wrapper\">\n\t\t\t<a class=\"elementor-button elementor-button-link elementor-size-md\" href=\"#\">\n\t\t\t\t\t\t<span class=\"elementor-button-content-wrapper\">\n\t\t\t\t\t\t<span class=\"elementor-button-icon elementor-align-icon-right\">\n\t\t\t\t<i aria-hidden=\"true\" class=\"fas fa-chevron-right\"><\/i>\t\t\t<\/span>\n\t\t\t\t\t\t<span class=\"elementor-button-text\">Requerir Cotizaci\u00f3n<\/span>\n\t\t<\/span>\n\t\t\t\t\t<\/a>\n\t\t<\/div>\n\t\t\t\t<\/div>\n\t\t\t\t<\/div>\n\t\t\t\t\t<\/div>\n\t\t<\/div>\n\t\t\t\t<div class=\"elementor-column elementor-col-50 elementor-inner-column elementor-element elementor-element-d51ded6 contact-page-form\" data-id=\"d51ded6\" data-element_type=\"column\" data-settings=\"{&quot;background_background&quot;:&quot;classic&quot;}\">\n\t\t\t<div class=\"elementor-widget-wrap elementor-element-populated\">\n\t\t\t\t\t\t\t\t<div class=\"elementor-element elementor-element-025570e elementor-widget elementor-widget-shortcode\" data-id=\"025570e\" data-element_type=\"widget\" data-widget_type=\"shortcode.default\">\n\t\t\t\t<div class=\"elementor-widget-container\">\n\t\t\t\t\t<div class=\"elementor-shortcode\"><div role=\"form\" class=\"wpcf7\" id=\"wpcf7-f537-o1\" lang=\"en-US\" dir=\"ltr\">\n<div class=\"screen-reader-response\"><p role=\"status\" aria-live=\"polite\" aria-atomic=\"true\"><\/p> <ul><\/ul><\/div>\n<form action=\"\/es\/wp-json\/wp\/v2\/pages\/531#wpcf7-f537-o1\" method=\"post\" class=\"wpcf7-form init\" novalidate=\"novalidate\" data-status=\"init\">\n<div style=\"display: none;\">\n<input type=\"hidden\" name=\"_wpcf7\" value=\"537\" \/>\n<input type=\"hidden\" name=\"_wpcf7_version\" value=\"5.5.6\" \/>\n<input type=\"hidden\" name=\"_wpcf7_locale\" value=\"en_US\" \/>\n<input type=\"hidden\" name=\"_wpcf7_unit_tag\" value=\"wpcf7-f537-o1\" \/>\n<input type=\"hidden\" name=\"_wpcf7_container_post\" value=\"0\" \/>\n<input type=\"hidden\" name=\"_wpcf7_posted_data_hash\" value=\"\" \/>\n<input type=\"hidden\" name=\"_wpcf7_recaptcha_response\" value=\"\" \/>\n<\/div>\n<div class=\"row\">\n<div class=\"col-lg-6 col-md-6 col-sm-6 col-xs-12\">\n      <label>Nombre<\/label><br \/>\n      <input type=\"text\" name=\"your-name\" placeholder=\"Escribe tu nombre (Requerido)\" required>\n   <\/div>\n<div class=\"col-lg-6 col-md-6 col-sm-6 col-xs-12\">\n      <label>Correo Electr\u00f3nico<\/label><br \/>\n      <span class=\"wpcf7-form-control-wrap your-email\"><input type=\"email\" name=\"your-email\" value=\"\" size=\"40\" class=\"wpcf7-form-control wpcf7-text wpcf7-email wpcf7-validates-as-required wpcf7-validates-as-email\" aria-required=\"true\" aria-invalid=\"false\" placeholder=\"Escribe tu correo (Requerido)\" \/><\/span>\n   <\/div>\n<\/div>\n<div class=\"row\">\n<div class=\"col-lg-4 col-md-4 col-sm-4 col-xs-12\">\n      <label>Tel\u00e9fono<\/label><br \/>\n      <input type=\"tel\" name=\"your-phone\" placeholder=\"Tel\u00e9fono (Opcional)\">\n   <\/div>\n<div class=\"col-lg-8 col-md-8 col-sm-8 col-xs-12\">\n      <label>Negocio<\/label><br \/>\n      <input type=\"text\" name=\"your-company\" placeholder=\"Nombre del negocio (Opcional)\">\n   <\/div>\n<\/div>\n<div class=\"row\">\n<div class=\"col-lg-12 col-md-12 col-sm-12 col-xs-12\">\n      <label>Asunto<\/label><br \/>\n      <input type=\"text\" name=\"your-subject\" placeholder=\"Asunto (Requerido)\" required>\n   <\/div>\n<\/div>\n<div class=\"row\">\n<div class=\"col-lg-12 col-md-12 col-sm-12 col-xs-12\">\n      <label>Mensaje<\/label><br \/>\n      <textarea name=\"your-message\" placeholder=\"Escribe tu mensaje (Requerido)\" required><\/textarea>\n   <\/div>\n<\/div>\n<div class=\"row\">\n<div class=\"col-lg-12 col-md-12 col-sm-12 col-xs-12\">\n<span class=\"wpcf7-form-control-wrap recaptcha\"><span data-sitekey=\"6LdjPfkcAAAAANp_Zh6WtF-qyuIlBShTko44kMmB\" class=\"wpcf7-form-control g-recaptcha wpcf7-recaptcha\"><\/span>\n<noscript>\n\t<div class=\"grecaptcha-noscript\">\n\t\t<iframe src=\"https:\/\/www.google.com\/recaptcha\/api\/fallback?k=6LdjPfkcAAAAANp_Zh6WtF-qyuIlBShTko44kMmB\" frameborder=\"0\" scrolling=\"no\" width=\"310\" height=\"430\">\n\t\t<\/iframe>\n\t\t<textarea name=\"g-recaptcha-response\" rows=\"3\" cols=\"40\" placeholder=\"Aqu\u00ed la respuesta de reCAPTCHA\">\n\t\t<\/textarea>\n\t<\/div>\n<\/noscript>\n<\/span>\n<p>      <button type=\"reset\" class=\"boton-2\">Limpiar<\/button> <button type=\"submit\" class=\"boton-1\">Enviar Mensaje <i class=\"fas fa-chevron-right\"><\/i><\/button>\n   <\/div>\n<\/div>\n<div class=\"wpcf7-response-output\" aria-hidden=\"true\"><\/div><\/form><\/div><\/div>\n\t\t\t\t<\/div>\n\t\t\t\t<\/div>\n\t\t\t\t\t<\/div>\n\t\t<\/div>\n\t\t\t\t\t\t\t<\/div>\n\t\t<\/section>\n\t\t\t\t\t<\/div>\n\t\t<\/div>\n\t\t\t\t\t\t\t<\/div>\n\t\t<\/section>\n\t\t\t\t<section class=\"elementor-section elementor-top-section elementor-element elementor-element-e045919 elementor-section-full_width elementor-section-height-default elementor-section-height-default\" data-id=\"e045919\" data-element_type=\"section\">\n\t\t\t\t\t\t<div class=\"elementor-container elementor-column-gap-no\">\n\t\t\t\t\t<div class=\"elementor-column elementor-col-100 elementor-top-column elementor-element elementor-element-d49d6e7\" data-id=\"d49d6e7\" data-element_type=\"column\">\n\t\t\t<div class=\"elementor-widget-wrap elementor-element-populated\">\n\t\t\t\t\t\t\t\t<div class=\"elementor-element elementor-element-abe38d7 elementor-widget elementor-widget-google_maps\" data-id=\"abe38d7\" data-element_type=\"widget\" data-widget_type=\"google_maps.default\">\n\t\t\t\t<div class=\"elementor-widget-container\">\n\t\t\t<style>\/*! elementor - v3.18.0 - 20-12-2023 *\/\n.elementor-widget-google_maps .elementor-widget-container{overflow:hidden}.elementor-widget-google_maps .elementor-custom-embed{line-height:0}.elementor-widget-google_maps iframe{height:300px}<\/style>\t\t<div class=\"elementor-custom-embed\">\n\t\t\t<iframe loading=\"lazy\"\n\t\t\t\t\tsrc=\"https:\/\/maps.google.com\/maps?q=236%20Chula%20Vista%20Rd%20Eagle%20Pass%2C%20Tx%2C%20Zip%2078852&#038;t=m&#038;z=14&#038;output=embed&#038;iwloc=near\"\n\t\t\t\t\ttitle=\"236 Chula Vista Rd Eagle Pass, Tx, Zip 78852\"\n\t\t\t\t\taria-label=\"236 Chula Vista Rd Eagle Pass, Tx, Zip 78852\"\n\t\t\t><\/iframe>\n\t\t<\/div>\n\t\t\t\t<\/div>\n\t\t\t\t<\/div>\n\t\t\t\t\t<\/div>\n\t\t<\/div>\n\t\t\t\t\t\t\t<\/div>\n\t\t<\/section>\n\t\t\t\t\t\t\t<\/div>\n\t\t","protected":false},"excerpt":{"rendered":"\u00a1Comienza Ahora! Haga clic en el bot\u00f3n de abajo para solicitar una cotizaci\u00f3n o utilice el siguiente formulario para enviarnos un mensaje. Requerir Cotizaci\u00f3n","protected":false},"author":1,"featured_media":0,"parent":0,"menu_order":0,"comment_status":"closed","ping_status":"closed","template":"elementor_header_footer","meta":{"footnotes":""},"_links":{"self":[{"href":"https:\/\/galaexp.com\/es\/wp-json\/wp\/v2\/pages\/531"}],"collection":[{"href":"https:\/\/galaexp.com\/es\/wp-json\/wp\/v2\/pages"}],"about":[{"href":"https:\/\/galaexp.com\/es\/wp-json\/wp\/v2\/types\/page"}],"author":[{"embeddable":true,"href":"https:\/\/galaexp.com\/es\/wp-json\/wp\/v2\/users\/1"}],"replies":[{"embeddable":true,"href":"https:\/\/galaexp.com\/es\/wp-json\/wp\/v2\/comments?post=531"}],"version-history":[{"count":5,"href":"https:\/\/galaexp.com\/es\/wp-json\/wp\/v2\/pages\/531\/revisions"}],"predecessor-version":[{"id":736,"href":"https:\/\/galaexp.com\/es\/wp-json\/wp\/v2\/pages\/531\/revisions\/736"}],"wp:attachment":[{"href":"https:\/\/galaexp.com\/es\/wp-json\/wp\/v2\/media?parent=531"}],"curies":[{"name":"wp","href":"https:\/\/api.w.org\/{rel}","templated":true}]}}