{"id":658,"date":"2021-10-28T11:02:36","date_gmt":"2021-10-28T16:02:36","guid":{"rendered":"https:\/\/galaexp.com\/es\/?page_id=658"},"modified":"2021-10-29T12:46:11","modified_gmt":"2021-10-29T17:46:11","slug":"privacy-policy","status":"publish","type":"page","link":"https:\/\/galaexp.com\/es\/privacy-policy\/","title":{"rendered":"Politica de Privacidad"},"content":{"rendered":"\t\t<div data-elementor-type=\"wp-page\" data-elementor-id=\"658\" class=\"elementor elementor-658\">\n\t\t\t\t\t\t\t\t\t<section class=\"elementor-section elementor-top-section elementor-element elementor-element-d8985b5 elementor-section-full_width elementor-section-height-min-height elementor-section-height-default elementor-section-items-middle\" data-id=\"d8985b5\" data-element_type=\"section\" data-settings=\"{&quot;background_background&quot;:&quot;gradient&quot;}\">\n\t\t\t\t\t\t<div class=\"elementor-container elementor-column-gap-default\">\n\t\t\t\t\t<div class=\"elementor-column elementor-col-100 elementor-top-column elementor-element elementor-element-cc6dcd5\" data-id=\"cc6dcd5\" data-element_type=\"column\">\n\t\t\t<div class=\"elementor-widget-wrap elementor-element-populated\">\n\t\t\t\t\t\t\t\t<section class=\"elementor-section elementor-inner-section elementor-element elementor-element-e27f73f elementor-section-content-middle elementor-section-boxed elementor-section-height-default elementor-section-height-default\" data-id=\"e27f73f\" data-element_type=\"section\">\n\t\t\t\t\t\t<div class=\"elementor-container elementor-column-gap-default\">\n\t\t\t\t\t<div class=\"elementor-column elementor-col-100 elementor-inner-column elementor-element elementor-element-c36e572\" data-id=\"c36e572\" data-element_type=\"column\">\n\t\t\t<div class=\"elementor-widget-wrap\">\n\t\t\t\t\t\t\t\t\t<\/div>\n\t\t<\/div>\n\t\t\t\t\t\t\t<\/div>\n\t\t<\/section>\n\t\t\t\t\t<\/div>\n\t\t<\/div>\n\t\t\t\t\t\t\t<\/div>\n\t\t<\/section>\n\t\t\t\t<section class=\"elementor-section elementor-top-section elementor-element elementor-element-b71896f elementor-section-boxed elementor-section-height-default elementor-section-height-default elementor-invisible\" data-id=\"b71896f\" data-element_type=\"section\" data-settings=\"{&quot;animation&quot;:&quot;fadeIn&quot;}\">\n\t\t\t\t\t\t<div class=\"elementor-container elementor-column-gap-no\">\n\t\t\t\t\t<div class=\"elementor-column elementor-col-100 elementor-top-column elementor-element elementor-element-197f928\" data-id=\"197f928\" data-element_type=\"column\">\n\t\t\t<div class=\"elementor-widget-wrap elementor-element-populated\">\n\t\t\t\t\t\t\t\t<section class=\"elementor-section elementor-inner-section elementor-element elementor-element-e081dd2 elementor-section-content-middle elementor-section-boxed elementor-section-height-default elementor-section-height-default\" data-id=\"e081dd2\" data-element_type=\"section\" data-settings=\"{&quot;background_background&quot;:&quot;classic&quot;}\">\n\t\t\t\t\t\t<div class=\"elementor-container elementor-column-gap-default\">\n\t\t\t\t\t<div class=\"elementor-column elementor-col-50 elementor-inner-column elementor-element elementor-element-3dbaf44\" data-id=\"3dbaf44\" data-element_type=\"column\">\n\t\t\t<div class=\"elementor-widget-wrap elementor-element-populated\">\n\t\t\t\t\t\t\t\t<div class=\"elementor-element elementor-element-4c0b794 elementor-widget elementor-widget-heading\" data-id=\"4c0b794\" data-element_type=\"widget\" data-widget_type=\"heading.default\">\n\t\t\t\t<div class=\"elementor-widget-container\">\n\t\t\t<style>\/*! elementor - v3.18.0 - 20-12-2023 *\/\n.elementor-heading-title{padding:0;margin:0;line-height:1}.elementor-widget-heading .elementor-heading-title[class*=elementor-size-]>a{color:inherit;font-size:inherit;line-height:inherit}.elementor-widget-heading .elementor-heading-title.elementor-size-small{font-size:15px}.elementor-widget-heading .elementor-heading-title.elementor-size-medium{font-size:19px}.elementor-widget-heading .elementor-heading-title.elementor-size-large{font-size:29px}.elementor-widget-heading .elementor-heading-title.elementor-size-xl{font-size:39px}.elementor-widget-heading .elementor-heading-title.elementor-size-xxl{font-size:59px}<\/style><h2 class=\"elementor-heading-title elementor-size-default\">Pol\u00edtica de privacidad<\/h2>\t\t<\/div>\n\t\t\t\t<\/div>\n\t\t\t\t<div class=\"elementor-element elementor-element-6458b23 elementor-widget elementor-widget-text-editor\" data-id=\"6458b23\" data-element_type=\"widget\" data-widget_type=\"text-editor.default\">\n\t\t\t\t<div class=\"elementor-widget-container\">\n\t\t\t<style>\/*! elementor - v3.18.0 - 20-12-2023 *\/\n.elementor-widget-text-editor.elementor-drop-cap-view-stacked .elementor-drop-cap{background-color:#69727d;color:#fff}.elementor-widget-text-editor.elementor-drop-cap-view-framed .elementor-drop-cap{color:#69727d;border:3px solid;background-color:transparent}.elementor-widget-text-editor:not(.elementor-drop-cap-view-default) .elementor-drop-cap{margin-top:8px}.elementor-widget-text-editor:not(.elementor-drop-cap-view-default) .elementor-drop-cap-letter{width:1em;height:1em}.elementor-widget-text-editor .elementor-drop-cap{float:left;text-align:center;line-height:1;font-size:50px}.elementor-widget-text-editor .elementor-drop-cap-letter{display:inline-block}<\/style>\t\t\t\t<p>Lea atentamente antes de continuar usando este sitio.<\/p>\t\t\t\t\t\t<\/div>\n\t\t\t\t<\/div>\n\t\t\t\t\t<\/div>\n\t\t<\/div>\n\t\t\t\t<div class=\"elementor-column elementor-col-50 elementor-inner-column elementor-element elementor-element-bf00224\" data-id=\"bf00224\" data-element_type=\"column\">\n\t\t\t<div class=\"elementor-widget-wrap elementor-element-populated\">\n\t\t\t\t\t\t\t\t<div class=\"elementor-element elementor-element-b999bbc boton-amarillo elementor-align-right elementor-mobile-align-left elementor-widget elementor-widget-button\" data-id=\"b999bbc\" data-element_type=\"widget\" data-widget_type=\"button.default\">\n\t\t\t\t<div class=\"elementor-widget-container\">\n\t\t\t\t\t<div class=\"elementor-button-wrapper\">\n\t\t\t<a class=\"elementor-button elementor-button-link elementor-size-md\" href=\"https:\/\/galaexp.com\/es\/contact-us\/\">\n\t\t\t\t\t\t<span class=\"elementor-button-content-wrapper\">\n\t\t\t\t\t\t<span class=\"elementor-button-icon elementor-align-icon-right\">\n\t\t\t\t<i aria-hidden=\"true\" class=\"fas fa-chevron-right\"><\/i>\t\t\t<\/span>\n\t\t\t\t\t\t<span class=\"elementor-button-text\">Contactanos<\/span>\n\t\t<\/span>\n\t\t\t\t\t<\/a>\n\t\t<\/div>\n\t\t\t\t<\/div>\n\t\t\t\t<\/div>\n\t\t\t\t\t<\/div>\n\t\t<\/div>\n\t\t\t\t\t\t\t<\/div>\n\t\t<\/section>\n\t\t\t\t\t<\/div>\n\t\t<\/div>\n\t\t\t\t\t\t\t<\/div>\n\t\t<\/section>\n\t\t\t\t<section class=\"elementor-section elementor-top-section elementor-element elementor-element-1397087 elementor-section-boxed elementor-section-height-default elementor-section-height-default\" data-id=\"1397087\" data-element_type=\"section\" data-settings=\"{&quot;background_background&quot;:&quot;gradient&quot;}\">\n\t\t\t\t\t\t<div class=\"elementor-container elementor-column-gap-default\">\n\t\t\t\t\t<div class=\"elementor-column elementor-col-100 elementor-top-column elementor-element elementor-element-d152611\" data-id=\"d152611\" data-element_type=\"column\">\n\t\t\t<div class=\"elementor-widget-wrap elementor-element-populated\">\n\t\t\t\t\t\t\t\t<section class=\"elementor-section elementor-inner-section elementor-element elementor-element-a70af16 elementor-section-content-middle text-center elementor-section-boxed elementor-section-height-default elementor-section-height-default\" data-id=\"a70af16\" data-element_type=\"section\">\n\t\t\t\t\t\t<div class=\"elementor-container elementor-column-gap-custom\">\n\t\t\t\t\t<div class=\"elementor-column elementor-col-100 elementor-inner-column elementor-element elementor-element-69723a4\" data-id=\"69723a4\" data-element_type=\"column\">\n\t\t\t<div class=\"elementor-widget-wrap elementor-element-populated\">\n\t\t\t\t\t\t\t\t<div class=\"elementor-element elementor-element-74c493e seccion-de-blog elementor-widget elementor-widget-text-editor\" data-id=\"74c493e\" data-element_type=\"widget\" data-widget_type=\"text-editor.default\">\n\t\t\t\t<div class=\"elementor-widget-container\">\n\t\t\t\t\t\t\t<section class=\"elementor-section elementor-top-section elementor-element elementor-element-43bb321 elementor-section-boxed elementor-section-height-default elementor-section-height-default\" data-id=\"43bb321\" data-element_type=\"section\" data-settings=\"{\"><div class=\"elementor-container elementor-column-gap-default\"><div class=\"elementor-column elementor-col-100 elementor-top-column elementor-element elementor-element-24b56d7\" data-id=\"24b56d7\" data-element_type=\"column\"><div class=\"elementor-widget-wrap elementor-element-populated\"><section class=\"elementor-section elementor-inner-section elementor-element elementor-element-d0a13b7 elementor-section-boxed elementor-section-height-default elementor-section-height-default\" data-id=\"d0a13b7\" data-element_type=\"section\" data-settings=\"{\"><div class=\"elementor-container elementor-column-gap-no\"><div class=\"elementor-column elementor-col-100 elementor-inner-column elementor-element elementor-element-730d959\" data-id=\"730d959\" data-element_type=\"column\"><div class=\"elementor-widget-wrap elementor-element-populated\"><div class=\"elementor-element elementor-element-e4b7116 gg-seccion-de-blog elementor-widget elementor-widget-text-editor\" data-id=\"e4b7116\" data-element_type=\"widget\" data-widget_type=\"text-editor.default\"><div class=\"elementor-widget-container\"><div class=\"seccion-de-blog-inner\"><p>En cumplimiento de la Ley Federal de Protecci\u00f3n de Datos Personales en Posesi\u00f3n de Particulares (la \u201cLey\u201d), GALA EXPORTS &amp; TRANSPORTS, LLC. (en adelante, &#8220;GALAEXP&#8221;) pone a su disposici\u00f3n este aviso de privacidad (el &#8220;Aviso de privacidad&#8221;).<\/p><h3>Responsabilidad<\/h3><p>\u201cGALAEXP\u201d con domicilio en 236 Chula Vista Rd Eagle Pass, Tx, Zip 78852, ser\u00e1 responsable de recabar sus datos personales, el uso que se les d\u00e9 y su protecci\u00f3n, comprometi\u00e9ndose a respetar lo dispuesto en este<\/p><h3>Aviso de Privacidad y la Ley.<\/h3><p>\u201cGALAEXP\u201d le informa que sus datos personales ser\u00e1n tratados y protegidos en base a los principios de licitud, calidad, consentimiento, informaci\u00f3n, finalidad, lealtad, proporcionalidad y responsabilidad, establecidos en la Ley.<\/p><p>Al proporcionar datos personales a \u201cGALAEXP\u201d por cualquiera de los medios mencionados en el apartado 1.3 de este Aviso de Privacidad, el Titular otorga su consentimiento para que \u201cGALAEXP\u201d recabe y utilice estos datos \u00fanicamente para las finalidades descritas en el apartado 1.2 de este Aviso de<\/p><h3>Privacidad.<\/h3><p>A los efectos de este Aviso de privacidad, los datos personales incluyen:<\/p><p>Datos generales, es decir, nombre completo, direcci\u00f3n, tel\u00e9fono, cuenta de correo electr\u00f3nico, estado civil, profesi\u00f3n, lugar y fecha de nacimiento, n\u00famero de Registro Federal de Contribuyentes, C\u00f3digo \u00danico de Registro de Poblaci\u00f3n, n\u00famero de credencial de votante, n\u00famero de pasaporte, estado migratorio;<br \/>Curriculum vitae, que, adem\u00e1s de los datos generales mencionados anteriormente, puede incluir informaci\u00f3n relacionada con la educaci\u00f3n, la experiencia profesional y el reconocimiento de la persona.<\/p><p>\u201cGALAEXP\u201d no recopila datos personales sensibles. No obstante, si se presenta el caso, se obtendr\u00e1 su consentimiento expreso por escrito para su tratamiento.<\/p><h3>Finalidad de los datos personales<\/h3><p>Los datos personales recopilados por \u201cGALAEXP\u201d ser\u00e1n utilizados para los principales prop\u00f3sitos de: (i) identificaci\u00f3n de un contacto; (ii) brindar los servicios requeridos, as\u00ed como las actividades relacionadas; (iii) informar sobre nuevos servicios relacionados con los contratados; (iv) cumplir con las obligaciones contra\u00eddas por \u201cGALAEXP\u201d; y fines secundarios que nos permitan y faciliten brindarle un mejor servicio, tales como: (v) evaluar la calidad del servicio; y (vii) contacto v\u00eda email o tel\u00e9fono para compartir noticias de inter\u00e9s o publicidad.<\/p><h3>Obtenci\u00f3n de datos personales<\/h3><p>Para cumplir con las finalidades se\u00f1aladas en el punto anterior, \u201cGALAEXP\u201d podr\u00e1 recabar los datos personales del Titular de diferentes formas: (i) cuando se faciliten directamente; o (ii) cuando la informaci\u00f3n se obtiene a trav\u00e9s de otras fuentes permitidas por la ley.<\/p><h3>Transferencia de datos<\/h3><p>Los datos personales solo podr\u00e1n ser procesados \u200b\u200bdentro y fuera del pa\u00eds, por \u201cGALAEXP\u201d, en este sentido, la informaci\u00f3n podr\u00e1 ser compartida con subsidiarias o afiliadas de \u201cGALAEXP\u201d en M\u00e9xico o en pa\u00edses donde \u201cGALAEXP\u201d brinda servicios.<\/p><p>Las comunicaciones de datos personales que se realicen entre \u201cGALAEXP\u201d y su responsable o los empleados de \u201cGALAEXP\u201d no ser\u00e1n consideradas transferencias, por lo que no ser\u00e1 necesario el consentimiento.<\/p><h3>Acceso, Rectificaci\u00f3n, Cancelaci\u00f3n y Oposici\u00f3n de datos personales (derechos \u201cARCO\u201d)<\/h3><p>Disfruta de los derechos de los derechos \u201cARCO\u201d previstos en el Cap\u00edtulo II de la Ley, por lo que podr\u00e1 en cualquier momento corregir o actualizar su informaci\u00f3n, oponerse al tratamiento que se le est\u00e1 dando a sus datos personales o revocar el consentimiento que le haya otorgado. a fin de que \u201cGALAEXP\u201d deje de utilizarlos, en el entendido que \u201cGALAEXP\u201d no est\u00e1 obligada a cumplir con lo anterior en los casos previstos en los art\u00edculos 26 y 34 de la Ley.<\/p><p>Para revocar el consentimiento otorgado a \u201cGALAEXP\u201d sobre datos personales, deber\u00e1 enviar un correo electr\u00f3nico al responsable del tratamiento de los datos personales de \u201cGALAEXP\u201d mencionado en el apartado 1.9 de este Aviso de Privacidad, a trav\u00e9s del cual se atender\u00e1 dicha solicitud. El correo electr\u00f3nico debe contener (i) el nombre completo del propietario de los datos personales; (ii) direcci\u00f3n y direcci\u00f3n de correo electr\u00f3nico para recibir la respuesta generada por su solicitud; (iii) el motivo de su solicitud; (iv) los argumentos que sustentan su solicitud o petici\u00f3n; (v) documento oficial que acredite su identidad; y (vi) fecha a partir de la cual se hace efectiva la revocaci\u00f3n del consentimiento. \u201cGALAEXP\u201d le notificar\u00e1 en un plazo m\u00e1ximo de 20 (veinte) d\u00edas h\u00e1biles, contados a partir de la fecha en que se recibi\u00f3 la solicitud de revocaci\u00f3n del consentimiento mediante un mensaje que contenga que ha realizado todos los actos tendientes a no para procesar sus datos personales.<\/p><p>Para obtener acceso a cualquier informaci\u00f3n personal o revocar el consentimiento que se le ha otorgado a \u201cGALAEXP\u201d, deben cumplirse todos los requisitos estipulados en este Aviso de<\/p><h3>Privacidad y en la Ley.<\/h3><p>Le informamos que en nuestra p\u00e1gina de Internet utilizamos cookies y otras tecnolog\u00edas a trav\u00e9s de las cuales es posible monitorear su comportamiento como usuario de Internet, as\u00ed como brindarle un mejor servicio y experiencia de usuario al navegar por nuestra p\u00e1gina.<\/p><h3>Validez<\/h3><p>Los datos personales ser\u00e1n tratados \u00fanicamente por el tiempo necesario para el acto jur\u00eddico que da lugar a la relaci\u00f3n contractual y \u00fanicamente para las finalidades descritas anteriormente y \/ o de acuerdo con lo que establezcan las disposiciones legales aplicables.<\/p><p>La obligaci\u00f3n de confidencialidad de las personas que participan en el tratamiento de datos personales continuar\u00e1 incluso despu\u00e9s de finalizada su relaci\u00f3n con \u201cGALAEXP\u201d.<\/p><h3>Modificaci\u00f3n del aviso de privacidad<\/h3><p>\u201cGALAEXP\u201d se reserva el derecho de cambiar este Aviso de Privacidad en cualquier momento, sin previo aviso ni responsabilidad. En el caso de que el Aviso de Privacidad sea modificado de alguna forma, \u201cGALAEXP\u201d se compromete a publicar un nuevo Aviso de Privacidad.<\/p><p>La recogida de informaci\u00f3n, el uso y divulgaci\u00f3n que haga \u201cGALAEXP\u201d de los datos personales se regir\u00e1 por la versi\u00f3n del Aviso de Privacidad que se encuentre publicada y vigente en ese momento.<\/p><h3>Seguridad<\/h3><p>\u201cGALAEXP\u201d se compromete a que los datos personales ser\u00e1n protegidos bajo estrictas medidas de seguridad administrativas, t\u00e9cnicas y f\u00edsicas que se han implementado con el fin de proteger los datos personales contra da\u00f1o, p\u00e9rdida, alteraci\u00f3n, destrucci\u00f3n o uso, acceso o tratamiento no autorizado.<\/p><p>Solo el personal autorizado por \u201cGALAEXP\u201d tendr\u00e1 acceso a los datos personales. El personal autorizado tiene prohibido permitir el acceso de personas no autorizadas y utilizar los datos personales para fines distintos a los establecidos en esta cl\u00e1usula.<\/p><h3>Responsable de datos personales<\/h3><p>El responsable del tratamiento de sus datos personales es el Ing. Arturo Garc\u00eda. Puede contactar con el \u00e1rea responsable del manejo y administraci\u00f3n de datos personales por correo electr\u00f3nico agarcia@galaexp.com, por tel\u00e9fono (866) -636-2916 o directamente en nuestras oficinas ubicadas en la direcci\u00f3n de \u201cGALAEXP\u201d.<\/p><\/div><\/div><\/div><\/div><\/div><\/div><\/section><\/div><\/div><\/div><\/section>\t\t\t\t\t\t<\/div>\n\t\t\t\t<\/div>\n\t\t\t\t\t<\/div>\n\t\t<\/div>\n\t\t\t\t\t\t\t<\/div>\n\t\t<\/section>\n\t\t\t\t\t<\/div>\n\t\t<\/div>\n\t\t\t\t\t\t\t<\/div>\n\t\t<\/section>\n\t\t\t\t\t\t\t<\/div>\n\t\t","protected":false},"excerpt":{"rendered":"Pol\u00edtica de privacidad Lea atentamente antes de continuar usando este sitio. Contactanos En cumplimiento de la Ley Federal de Protecci\u00f3n de Datos Personales en Posesi\u00f3n de Particulares (la \u201cLey\u201d), GALA EXPORTS &amp; TRANSPORTS, LLC. (en adelante, &#8220;GALAEXP&#8221;) pone a su disposici\u00f3n este aviso de privacidad (el &#8220;Aviso de privacidad&#8221;). Responsabilidad \u201cGALAEXP\u201d con domicilio en 236&#8230; <a class=\"view-article\" href=\"https:\/\/galaexp.com\/es\/privacy-policy\/\">View Article<\/a>","protected":false},"author":1,"featured_media":0,"parent":0,"menu_order":0,"comment_status":"closed","ping_status":"closed","template":"elementor_header_footer","meta":{"footnotes":""},"_links":{"self":[{"href":"https:\/\/galaexp.com\/es\/wp-json\/wp\/v2\/pages\/658"}],"collection":[{"href":"https:\/\/galaexp.com\/es\/wp-json\/wp\/v2\/pages"}],"about":[{"href":"https:\/\/galaexp.com\/es\/wp-json\/wp\/v2\/types\/page"}],"author":[{"embeddable":true,"href":"https:\/\/galaexp.com\/es\/wp-json\/wp\/v2\/users\/1"}],"replies":[{"embeddable":true,"href":"https:\/\/galaexp.com\/es\/wp-json\/wp\/v2\/comments?post=658"}],"version-history":[{"count":5,"href":"https:\/\/galaexp.com\/es\/wp-json\/wp\/v2\/pages\/658\/revisions"}],"predecessor-version":[{"id":776,"href":"https:\/\/galaexp.com\/es\/wp-json\/wp\/v2\/pages\/658\/revisions\/776"}],"wp:attachment":[{"href":"https:\/\/galaexp.com\/es\/wp-json\/wp\/v2\/media?parent=658"}],"curies":[{"name":"wp","href":"https:\/\/api.w.org\/{rel}","templated":true}]}}